{"id":418,"date":"2024-11-29T09:15:51","date_gmt":"2024-11-29T09:15:51","guid":{"rendered":"https:\/\/laundree.ca\/terms-conditions\/"},"modified":"2025-02-27T09:47:14","modified_gmt":"2025-02-27T09:47:14","slug":"terms-conditions","status":"publish","type":"page","link":"https:\/\/laundree.ca\/fr\/terms-conditions\/","title":{"rendered":"Conditions g\u00e9n\u00e9rales"},"content":{"rendered":"<p><span style=\"font-family: Times New Roman, serif;\">Bienvenue chez <b>Laundree<\/b>, votre fournisseur de confiance de services de nettoyage \u00e0 sec. En acc\u00e9dant ou en utilisant notre site Web, vous acceptez de vous conformer aux conditions g\u00e9n\u00e9rales suivantes.<\/span><\/p>\n<p><span style=\"font-family: Times New Roman, serif;\"><span style=\"font-size: medium;\"><b>1. Introduction<\/b><\/span><\/span><\/p>\n<p><span style=\"font-family: Times New Roman, serif;\">Ces termes et conditions r\u00e9gissent votre acc\u00e8s et votre utilisation du site Web <b>Laundree<\/b>, des services et de tout autre service propos\u00e9 par nous. Cet accord s&rsquo;applique \u00e0 tous les utilisateurs du site Web, y compris les visiteurs, les clients et les autres personnes qui acc\u00e8dent ou utilisent le site Web.<\/span><\/p>\n<p><span style=\"font-family: Times New Roman, serif;\"><span style=\"font-size: large;\"><b>2. Services<\/b><\/span><\/span><\/p>\n<p><span style=\"font-family: Times New Roman, serif;\"><b>Laundree<\/b><b><\/b>fournit une gamme de services de nettoyage \u00e0 sec, y compris, mais sans s&rsquo;y limiter, le nettoyage, la retouche, la r\u00e9paration et d&rsquo;autres services connexes. Ces services sont disponibles \u00e0 divers endroits au Qu\u00e9bec, Canada, uniquement via notre syst\u00e8me de r\u00e9servation en ligne.<\/span><\/p>\n<p><span style=\"font-family: Times New Roman, serif;\"><span style=\"font-size: large;\"><b>3. Cr\u00e9ation de compte et s\u00e9curit\u00e9<\/b><\/span><\/span><\/p>\n<p><span style=\"font-family: Times New Roman, serif;\">Pour utiliser certains services, il peut vous \u00eatre demand\u00e9 de cr\u00e9er un compte sur le Site Internet. Vous acceptez de fournir des informations exactes, \u00e0 jour et compl\u00e8tes pendant le processus d&rsquo;inscription et de mettre \u00e0 jour vos informations si n\u00e9cessaire.<\/span><\/p>\n<p><span style=\"font-family: Times New Roman, serif;\">Vous \u00eates responsable du maintien de la confidentialit\u00e9 des informations d&rsquo;identification de votre compte et de toutes les activit\u00e9s li\u00e9es \u00e0 votre compte. Si vous soup\u00e7onnez une utilisation non autoris\u00e9e de votre compte, vous devez nous en informer imm\u00e9diatement.<\/span><\/p>\n<p><span style=\"font-family: Times New Roman, serif;\"><span style=\"font-size: large;\"><b>4. Commandes et paiement<\/b><\/span><\/span><\/p>\n<p><span style=\"font-family: Times New Roman, serif;\">En passant une commande via notre Site Internet, vous acceptez de payer les prix associ\u00e9s aux services s\u00e9lectionn\u00e9s. Tous les prix sont indiqu\u00e9s en dollars canadiens (CAD) et incluent les taxes applicables, sauf indication contraire.<\/span><\/p>\n<p><span style=\"font-family: Times New Roman, serif;\">Le paiement des services peut \u00eatre effectu\u00e9 par carte de cr\u00e9dit, carte de d\u00e9bit ou autres m\u00e9thodes accept\u00e9es sur le site Web. En soumettant les informations de paiement, vous nous autorisez \u00e0 facturer le montant total de la commande selon le mode de paiement choisi.<\/span><\/p>\n<p><span style=\"font-family: Times New Roman, serif;\"><span style=\"font-size: large;\"><b>5. Livraison et ramassage<\/b><\/span><\/span><\/p>\n<p><span style=\"font-family: Times New Roman, serif;\">Nous proposons des services de nettoyage \u00e0 sec avec options de ramassage et de livraison. L&rsquo;heure de livraison et l&rsquo;horaire de ramassage seront fournis au moment de la r\u00e9servation. Veuillez noter que nous ne sommes pas responsables des retards de service caus\u00e9s par des facteurs ind\u00e9pendants de notre volont\u00e9, notamment la m\u00e9t\u00e9o, la circulation ou des fournisseurs de services tiers.<\/span><\/p>\n<p><span style=\"font-family: Times New Roman, serif;\"><span style=\"font-size: large;\"><b>6. Responsabilit\u00e9 et dommages<\/b><\/span><\/span><\/p>\n<p><span style=\"font-family: Times New Roman, serif;\">Bien que nous prenions le plus grand soin lors de la manipulation de vos articles, nous ne sommes pas responsables des dommages ou des pertes pouvant survenir pendant le processus de nettoyage ou pendant le transport. Si un v\u00eatement est perdu ou endommag\u00e9, nous \u00e9valuerons la situation au cas par cas et fournirons une indemnisation conform\u00e9ment \u00e0 notre politique de responsabilit\u00e9.<\/span><\/p>\n<p><span style=\"font-family: Times New Roman, serif;\"><span style=\"font-size: large;\"><b>7. Annulations et remboursements<\/b><\/span><\/span><\/p>\n<p><span style=\"font-family: Times New Roman, serif;\">Si vous devez annuler ou modifier une commande, veuillez nous contacter au moins 12 heures avant le ramassage pr\u00e9vu. Les commandes d\u00e9j\u00e0 trait\u00e9es ou en cours de nettoyage ne peuvent \u00eatre ni annul\u00e9es ni rembours\u00e9es.<\/span><\/p>\n<p><span style=\"font-family: Times New Roman, serif;\">Les remboursements, le cas \u00e9ch\u00e9ant, seront trait\u00e9s selon le mode de paiement utilis\u00e9 et conform\u00e9ment aux lois canadiennes sur la protection des consommateurs.<\/span><\/p>\n<p><span style=\"font-family: Times New Roman, serif;\"><span style=\"font-size: large;\"><b>8. Confidentialit\u00e9 et protection des donn\u00e9es<\/b><\/span><\/span><\/p>\n<p><span style=\"font-family: Times New Roman, serif;\">Votre vie priv\u00e9e est importante pour nous. Nous collectons et traitons vos donn\u00e9es personnelles conform\u00e9ment \u00e0 notre politique de confidentialit\u00e9, disponible [ici]. En utilisant notre site Web et nos services, vous consentez \u00e0 notre collecte et \u00e0 notre utilisation de vos informations personnelles comme indiqu\u00e9 dans notre politique de confidentialit\u00e9.<\/span><\/p>\n<p><span style=\"font-family: Times New Roman, serif;\"><span style=\"font-size: large;\"><b>9. Conduite interdite<\/b><\/span><\/span><\/p>\n<p><span style=\"font-family: Times New Roman, serif;\">Vous vous engagez \u00e0 ne pas\u00a0:<\/span><\/p>\n<p>\u2022 <span style=\"font-family: Times New Roman, serif;\">Utiliser le site Web \u00e0 des fins ill\u00e9gales ou de toute mani\u00e8re susceptible d&rsquo;endommager, de d\u00e9sactiver ou de d\u00e9t\u00e9riorer le site Web.<\/span><\/p>\n<p>\u2022 <span style=\"font-family: Times New Roman, serif;\">Violer toute loi locale, provinciale ou nationale applicable au Canada, y compris les lois du Qu\u00e9bec.<\/span><\/p>\n<p>\u2022 <span style=\"font-family: Times New Roman, serif;\">Publier ou transmettre du contenu pr\u00e9judiciable, offensant ou ill\u00e9gal.<\/span><\/p>\n<p>\u2022 <span style=\"font-family: Times New Roman, serif;\">Usurper l&rsquo;identit\u00e9 d&rsquo;une personne ou d&rsquo;une entit\u00e9 ou d\u00e9former votre affiliation avec une personne ou une entit\u00e9.<\/span><\/p>\n<p><span style=\"font-family: Times New Roman, serif;\"><span style=\"font-size: large;\"><b>10. Modifications<\/b><\/span><\/span><\/p>\n<p><span style=\"font-family: Times New Roman, serif;\">Nous nous r\u00e9servons le droit de modifier ces Conditions \u00e0 tout moment. Toute modification sera publi\u00e9e sur cette page avec une \u00ab\u00a0Date d\u2019entr\u00e9e en vigueur\u00a0\u00bb mise \u00e0 jour. En continuant \u00e0 utiliser le site Web apr\u00e8s la publication des modifications, vous acceptez les conditions modifi\u00e9es.<\/span><\/p>\n<p><span style=\"font-family: Times New Roman, serif;\"><span style=\"font-size: large;\"><b>11. Loi applicable<\/b><\/span><\/span><\/p>\n<p><span style=\"font-family: Times New Roman, serif;\">Ces termes et conditions sont r\u00e9gis par les lois de la province de Qu\u00e9bec et les lois f\u00e9d\u00e9rales du Canada. Tout litige d\u00e9coulant de ou en relation avec les pr\u00e9sentes Conditions sera soumis \u00e0 la comp\u00e9tence exclusive des tribunaux du Qu\u00e9bec, Canada.<\/span><\/p>\n<p><span style=\"font-family: Times New Roman, serif;\"><span style=\"font-size: large;\"><b>12. Divisibilit\u00e9<\/b><\/span><\/span><\/p>\n<p><span style=\"font-family: Times New Roman, serif;\">Si une disposition des pr\u00e9sentes Conditions est jug\u00e9e invalide, ill\u00e9gale ou inapplicable par un tribunal comp\u00e9tent, les dispositions restantes resteront pleinement en vigueur.<\/span><\/p>\n<p><span style=\"font-family: Times New Roman, serif;\"><span style=\"font-size: large;\"><b>13. Contactez-nous<\/b><\/span><\/span><\/p>\n<p><span style=\"font-family: Times New Roman, serif;\">Si vous avez des questions concernant ces conditions g\u00e9n\u00e9rales ou nos services, veuillez nous contacter \u00e0\u00a0:<\/span><\/p>\n<p><span style=\"font-family: Times New Roman, serif;\"><b>Laundree<\/b><\/span><\/p>\n<p><span style=\"font-family: Times New Roman, serif;\">1234 Maple Street, Toronto, 2B3, Canada<\/span><\/p>\n<p><span style=\"font-family: Times New Roman, serif;\">Service@laundree.ca<\/span><\/p>\n<p><span style=\"font-family: Times New Roman, serif;\">732-422-7100<\/span><\/p>\n","protected":false},"excerpt":{"rendered":"<p>Bienvenue chez Laundree, votre fournisseur de confiance de services de nettoyage \u00e0 sec. En acc\u00e9dant ou en utilisant notre site Web, vous acceptez de vous conformer aux conditions g\u00e9n\u00e9rales suivantes. 1. Introduction Ces termes et conditions r\u00e9gissent votre acc\u00e8s et votre utilisation du site Web Laundree, des services et de tout autre service propos\u00e9 par [&hellip;]<\/p>\n","protected":false},"author":1,"featured_media":0,"parent":0,"menu_order":0,"comment_status":"closed","ping_status":"closed","template":"","meta":{"inline_featured_image":false,"footnotes":""},"class_list":["post-418","page","type-page","status-publish","hentry"],"yoast_head":"<!-- This site is optimized with the Yoast SEO plugin v27.1.1 - https:\/\/yoast.com\/product\/yoast-seo-wordpress\/ -->\n<title>Conditions g\u00e9n\u00e9rales - Laundree.ca<\/title>\n<meta name=\"robots\" content=\"index, follow, max-snippet:-1, max-image-preview:large, max-video-preview:-1\" \/>\n<link rel=\"canonical\" href=\"https:\/\/laundree.ca\/fr\/terms-conditions\/\" \/>\n<meta property=\"og:locale\" content=\"fr_CA\" \/>\n<meta property=\"og:type\" content=\"article\" \/>\n<meta property=\"og:title\" content=\"Conditions g\u00e9n\u00e9rales - Laundree.ca\" \/>\n<meta property=\"og:description\" content=\"Bienvenue chez Laundree, votre fournisseur de confiance de services de nettoyage \u00e0 sec. En acc\u00e9dant ou en utilisant notre site Web, vous acceptez de vous conformer aux conditions g\u00e9n\u00e9rales suivantes. 1. Introduction Ces termes et conditions r\u00e9gissent votre acc\u00e8s et votre utilisation du site Web Laundree, des services et de tout autre service propos\u00e9 par [&hellip;]\" \/>\n<meta property=\"og:url\" content=\"https:\/\/laundree.ca\/fr\/terms-conditions\/\" \/>\n<meta property=\"og:site_name\" content=\"Laundree.ca\" \/>\n<meta property=\"article:modified_time\" content=\"2025-02-27T09:47:14+00:00\" \/>\n<meta name=\"twitter:card\" content=\"summary_large_image\" \/>\n<meta name=\"twitter:label1\" content=\"Estimation du temps de lecture\" \/>\n\t<meta name=\"twitter:data1\" content=\"4 minutes\" \/>\n<script type=\"application\/ld+json\" class=\"yoast-schema-graph\">{\"@context\":\"https:\/\/schema.org\",\"@graph\":[{\"@type\":\"WebPage\",\"@id\":\"https:\/\/laundree.ca\/fr\/terms-conditions\/\",\"url\":\"https:\/\/laundree.ca\/fr\/terms-conditions\/\",\"name\":\"Conditions g\u00e9n\u00e9rales - Laundree.ca\",\"isPartOf\":{\"@id\":\"https:\/\/laundree.ca\/fr\/#website\"},\"datePublished\":\"2024-11-29T09:15:51+00:00\",\"dateModified\":\"2025-02-27T09:47:14+00:00\",\"breadcrumb\":{\"@id\":\"https:\/\/laundree.ca\/fr\/terms-conditions\/#breadcrumb\"},\"inLanguage\":\"fr-CA\",\"potentialAction\":[{\"@type\":\"ReadAction\",\"target\":[\"https:\/\/laundree.ca\/fr\/terms-conditions\/\"]}]},{\"@type\":\"BreadcrumbList\",\"@id\":\"https:\/\/laundree.ca\/fr\/terms-conditions\/#breadcrumb\",\"itemListElement\":[{\"@type\":\"ListItem\",\"position\":1,\"name\":\"Home\",\"item\":\"https:\/\/laundree.ca\/fr\/\"},{\"@type\":\"ListItem\",\"position\":2,\"name\":\"Conditions g\u00e9n\u00e9rales\"}]},{\"@type\":\"WebSite\",\"@id\":\"https:\/\/laundree.ca\/fr\/#website\",\"url\":\"https:\/\/laundree.ca\/fr\/\",\"name\":\"Laundree.ca\",\"description\":\"\",\"publisher\":{\"@id\":\"https:\/\/laundree.ca\/fr\/#organization\"},\"potentialAction\":[{\"@type\":\"SearchAction\",\"target\":{\"@type\":\"EntryPoint\",\"urlTemplate\":\"https:\/\/laundree.ca\/fr\/?s={search_term_string}\"},\"query-input\":{\"@type\":\"PropertyValueSpecification\",\"valueRequired\":true,\"valueName\":\"search_term_string\"}}],\"inLanguage\":\"fr-CA\"},{\"@type\":\"Organization\",\"@id\":\"https:\/\/laundree.ca\/fr\/#organization\",\"name\":\"Laundree.ca\",\"url\":\"https:\/\/laundree.ca\/fr\/\",\"logo\":{\"@type\":\"ImageObject\",\"inLanguage\":\"fr-CA\",\"@id\":\"https:\/\/laundree.ca\/fr\/#\/schema\/logo\/image\/\",\"url\":\"https:\/\/laundree.ca\/wp-content\/uploads\/2024\/11\/logo.svg\",\"contentUrl\":\"https:\/\/laundree.ca\/wp-content\/uploads\/2024\/11\/logo.svg\",\"width\":229,\"height\":58,\"caption\":\"Laundree.ca\"},\"image\":{\"@id\":\"https:\/\/laundree.ca\/fr\/#\/schema\/logo\/image\/\"}}]}<\/script>\n<!-- \/ Yoast SEO plugin. -->","yoast_head_json":{"title":"Conditions g\u00e9n\u00e9rales - Laundree.ca","robots":{"index":"index","follow":"follow","max-snippet":"max-snippet:-1","max-image-preview":"max-image-preview:large","max-video-preview":"max-video-preview:-1"},"canonical":"https:\/\/laundree.ca\/fr\/terms-conditions\/","og_locale":"fr_CA","og_type":"article","og_title":"Conditions g\u00e9n\u00e9rales - Laundree.ca","og_description":"Bienvenue chez Laundree, votre fournisseur de confiance de services de nettoyage \u00e0 sec. En acc\u00e9dant ou en utilisant notre site Web, vous acceptez de vous conformer aux conditions g\u00e9n\u00e9rales suivantes. 1. Introduction Ces termes et conditions r\u00e9gissent votre acc\u00e8s et votre utilisation du site Web Laundree, des services et de tout autre service propos\u00e9 par [&hellip;]","og_url":"https:\/\/laundree.ca\/fr\/terms-conditions\/","og_site_name":"Laundree.ca","article_modified_time":"2025-02-27T09:47:14+00:00","twitter_card":"summary_large_image","twitter_misc":{"Estimation du temps de lecture":"4 minutes"},"schema":{"@context":"https:\/\/schema.org","@graph":[{"@type":"WebPage","@id":"https:\/\/laundree.ca\/fr\/terms-conditions\/","url":"https:\/\/laundree.ca\/fr\/terms-conditions\/","name":"Conditions g\u00e9n\u00e9rales - Laundree.ca","isPartOf":{"@id":"https:\/\/laundree.ca\/fr\/#website"},"datePublished":"2024-11-29T09:15:51+00:00","dateModified":"2025-02-27T09:47:14+00:00","breadcrumb":{"@id":"https:\/\/laundree.ca\/fr\/terms-conditions\/#breadcrumb"},"inLanguage":"fr-CA","potentialAction":[{"@type":"ReadAction","target":["https:\/\/laundree.ca\/fr\/terms-conditions\/"]}]},{"@type":"BreadcrumbList","@id":"https:\/\/laundree.ca\/fr\/terms-conditions\/#breadcrumb","itemListElement":[{"@type":"ListItem","position":1,"name":"Home","item":"https:\/\/laundree.ca\/fr\/"},{"@type":"ListItem","position":2,"name":"Conditions g\u00e9n\u00e9rales"}]},{"@type":"WebSite","@id":"https:\/\/laundree.ca\/fr\/#website","url":"https:\/\/laundree.ca\/fr\/","name":"Laundree.ca","description":"","publisher":{"@id":"https:\/\/laundree.ca\/fr\/#organization"},"potentialAction":[{"@type":"SearchAction","target":{"@type":"EntryPoint","urlTemplate":"https:\/\/laundree.ca\/fr\/?s={search_term_string}"},"query-input":{"@type":"PropertyValueSpecification","valueRequired":true,"valueName":"search_term_string"}}],"inLanguage":"fr-CA"},{"@type":"Organization","@id":"https:\/\/laundree.ca\/fr\/#organization","name":"Laundree.ca","url":"https:\/\/laundree.ca\/fr\/","logo":{"@type":"ImageObject","inLanguage":"fr-CA","@id":"https:\/\/laundree.ca\/fr\/#\/schema\/logo\/image\/","url":"https:\/\/laundree.ca\/wp-content\/uploads\/2024\/11\/logo.svg","contentUrl":"https:\/\/laundree.ca\/wp-content\/uploads\/2024\/11\/logo.svg","width":229,"height":58,"caption":"Laundree.ca"},"image":{"@id":"https:\/\/laundree.ca\/fr\/#\/schema\/logo\/image\/"}}]}},"jetpack_sharing_enabled":true,"_links":{"self":[{"href":"https:\/\/laundree.ca\/fr\/wp-json\/wp\/v2\/pages\/418","targetHints":{"allow":["GET"]}}],"collection":[{"href":"https:\/\/laundree.ca\/fr\/wp-json\/wp\/v2\/pages"}],"about":[{"href":"https:\/\/laundree.ca\/fr\/wp-json\/wp\/v2\/types\/page"}],"author":[{"embeddable":true,"href":"https:\/\/laundree.ca\/fr\/wp-json\/wp\/v2\/users\/1"}],"replies":[{"embeddable":true,"href":"https:\/\/laundree.ca\/fr\/wp-json\/wp\/v2\/comments?post=418"}],"version-history":[{"count":5,"href":"https:\/\/laundree.ca\/fr\/wp-json\/wp\/v2\/pages\/418\/revisions"}],"predecessor-version":[{"id":616,"href":"https:\/\/laundree.ca\/fr\/wp-json\/wp\/v2\/pages\/418\/revisions\/616"}],"wp:attachment":[{"href":"https:\/\/laundree.ca\/fr\/wp-json\/wp\/v2\/media?parent=418"}],"curies":[{"name":"wp","href":"https:\/\/api.w.org\/{rel}","templated":true}]}}