{"id":424,"date":"2024-12-11T14:07:01","date_gmt":"2024-12-11T14:07:01","guid":{"rendered":"https:\/\/laundree.ca\/register\/"},"modified":"2025-02-06T07:30:04","modified_gmt":"2025-02-06T07:30:04","slug":"register","status":"publish","type":"page","link":"https:\/\/laundree.ca\/fr\/register\/","title":{"rendered":"Registre"},"content":{"rendered":"<div>\n<div><div class=\"woocommerce-notices-wrapper\"><\/div><form method=\"post\" class=\"woocommerce-form woocommerce-form-register register\">\n\n\t\t\t    <p class=\"woocommerce-form-row woocommerce-form-row--first form-row form-row-first\">\n        <label for=\"reg_first_name\">First name <span class=\"required\">*<\/span><\/label>\n        <input type=\"text\" class=\"woocommerce-Input woocommerce-Input--text input-text\" name=\"first_name\" id=\"reg_first_name\" autocomplete=\"given-name\" value=\"\" required>\n    <\/p>\n\n    <p class=\"woocommerce-form-row woocommerce-form-row--last form-row form-row-last\">\n        <label for=\"reg_last_name\">Last name <span class=\"required\">*<\/span><\/label>\n        <input type=\"text\" class=\"woocommerce-Input woocommerce-Input--text input-text\" name=\"last_name\" id=\"reg_last_name\" autocomplete=\"family-name\" value=\"\" required>\n    <\/p>\n    <div class=\"clear\"><\/div>\n\n    <p class=\"woocommerce-form-row woocommerce-form-row--wide form-row form-row-wide\">\n        <label for=\"reg_billing_address_1\">Address <span class=\"required\">*<\/span><\/label>\n        <input type=\"text\" class=\"woocommerce-Input woocommerce-Input--text input-text\" name=\"billing_address_1\" id=\"reg_billing_address_1\" autocomplete=\"address-line1\" value=\"\" required>\n    <\/p>\n\n    <p class=\"woocommerce-form-row woocommerce-form-row--wide form-row form-row-wide\">\n        <label for=\"reg_billing_city\">City <span class=\"required\">*<\/span><\/label>\n        <input type=\"text\" class=\"woocommerce-Input woocommerce-Input--text input-text\" name=\"billing_city\" id=\"reg_billing_city\" autocomplete=\"address-level2\" value=\"\" required>\n    <\/p>\n\n    <p class=\"woocommerce-form-row woocommerce-form-row--wide form-row form-row-wide\">\n        <label for=\"reg_billing_postcode\">Postal code <span class=\"required\">*<\/span><\/label>\n        <input type=\"text\" class=\"woocommerce-Input woocommerce-Input--text input-text\" name=\"billing_postcode\" id=\"reg_billing_postcode\" autocomplete=\"postal-code\" value=\"\" required>\n    <\/p>\n\n    <!-- Phone optional -->\n    <p class=\"woocommerce-form-row woocommerce-form-row--wide form-row form-row-wide\">\n        <label for=\"reg_billing_phone\">Phone<\/label>\n        <input type=\"tel\" class=\"woocommerce-Input woocommerce-Input--text input-text\" name=\"billing_phone\" id=\"reg_billing_phone\" autocomplete=\"tel\" value=\"\">\n    <\/p>\n    \n\t\t\t\n\t\t\t<p class=\"woocommerce-form-row woocommerce-form-row--wide form-row form-row-wide\">\n\t\t\t\t<label for=\"reg_email\">Adresse e-mail\u00a0<span class=\"required\" aria-hidden=\"true\">*<\/span><span class=\"screen-reader-text\">Obligatoire<\/span><\/label>\n\t\t\t\t<input type=\"email\" class=\"woocommerce-Input woocommerce-Input--text input-text\" name=\"email\" id=\"reg_email\" autocomplete=\"email\" value=\"\" required aria-required=\"true\">\t\t\t<\/p>\n\n\t\t\t\n\t\t\t\t<p class=\"woocommerce-form-row woocommerce-form-row--wide form-row form-row-wide\">\n\t\t\t\t\t<label for=\"reg_password\">Mot de passe\u00a0<span class=\"required\" aria-hidden=\"true\">*<\/span><span class=\"screen-reader-text\">Obligatoire<\/span><\/label>\n\t\t\t\t\t<input type=\"password\" class=\"woocommerce-Input woocommerce-Input--text input-text\" name=\"password\" id=\"reg_password\" autocomplete=\"new-password\" required aria-required=\"true\">\n\t\t\t\t<\/p>\n\n\t\t\t\n\t\t\t    <p class=\"woocommerce-form-row woocommerce-form-row--wide form-row form-row-wide laundree-password-row\">\n        <label for=\"reg_password2\">Confirm password <span class=\"required\">*<\/span><\/label>\n\n        <span class=\"laundree-password-wrap\" style=\"position:relative;display:block;\">\n            <input type=\"password\" class=\"woocommerce-Input woocommerce-Input--text input-text\" name=\"password2\" id=\"reg_password2\" autocomplete=\"new-password\" required style=\"padding-right:95px;\">\n            <button type=\"button\" class=\"laundree-toggle-password\" data-target=\"reg_password2\" style=\"position:absolute;right:10px;top:50%;transform:translateY(-50%);background:none;border:none;padding:0;margin:0;cursor:pointer;font-size:13px;color:#666;\">\n                Show\n            <\/button>\n        <\/span>\n\n        <span class=\"laundree-pass-match\" style=\"display:block;margin-top:6px;font-size:14px;\"><\/span>\n    <\/p>\n    <wc-order-attribution-inputs><\/wc-order-attribution-inputs><div class=\"woocommerce-privacy-policy-text\"><p>Vos donn\u00e9es personnelles seront utilis\u00e9es pour am\u00e9liorer votre exp\u00e9rience sur ce site Web, pour g\u00e9rer l'acc\u00e8s \u00e0 votre compte et \u00e0 d'autres fins d\u00e9crites dans notre <a href=\"https:\/\/laundree.ca\/privacy-policy\/\" class=\"woocommerce-privacy-policy-link\" target=\"_blank\">politique de confidentialit\u00e9<\/a>.<\/p>\n<\/div>\n\t\t\t<p class=\"woocommerce-form-row form-row\">\n\t\t\t\t<input type=\"hidden\" id=\"woocommerce-register-nonce\" name=\"woocommerce-register-nonce\" value=\"d2ff6f7482\"><input type=\"hidden\" name=\"_wp_http_referer\" value=\"\/fr\/wp-json\/wp\/v2\/pages\/424\">\t\t\t\t<button type=\"submit\" class=\"woocommerce-Button woocommerce-button button woocommerce-form-register__submit\" name=\"register\" value=\"Registre\">Registre<\/button>\n\t\t\t<\/p>\n\n\t\t\t\n\t\t<\/form><\/div>\n<\/div>\n","protected":false},"excerpt":{"rendered":"","protected":false},"author":1,"featured_media":0,"parent":0,"menu_order":0,"comment_status":"closed","ping_status":"closed","template":"","meta":{"inline_featured_image":false,"footnotes":""},"class_list":["post-424","page","type-page","status-publish","hentry"],"yoast_head":"<!-- This site is optimized with the Yoast SEO plugin v27.1.1 - https:\/\/yoast.com\/product\/yoast-seo-wordpress\/ -->\n<title>Registre - Laundree.ca<\/title>\n<meta name=\"robots\" content=\"index, follow, max-snippet:-1, max-image-preview:large, max-video-preview:-1\" \/>\n<link rel=\"canonical\" href=\"https:\/\/laundree.ca\/fr\/register\/\" \/>\n<meta property=\"og:locale\" content=\"fr_CA\" \/>\n<meta property=\"og:type\" content=\"article\" \/>\n<meta property=\"og:title\" content=\"Registre - Laundree.ca\" \/>\n<meta property=\"og:url\" content=\"https:\/\/laundree.ca\/fr\/register\/\" \/>\n<meta property=\"og:site_name\" content=\"Laundree.ca\" \/>\n<meta property=\"article:modified_time\" content=\"2025-02-06T07:30:04+00:00\" \/>\n<meta name=\"twitter:card\" content=\"summary_large_image\" \/>\n<script type=\"application\/ld+json\" class=\"yoast-schema-graph\">{\"@context\":\"https:\/\/schema.org\",\"@graph\":[{\"@type\":\"WebPage\",\"@id\":\"https:\/\/laundree.ca\/fr\/register\/\",\"url\":\"https:\/\/laundree.ca\/fr\/register\/\",\"name\":\"Registre - Laundree.ca\",\"isPartOf\":{\"@id\":\"https:\/\/laundree.ca\/fr\/#website\"},\"datePublished\":\"2024-12-11T14:07:01+00:00\",\"dateModified\":\"2025-02-06T07:30:04+00:00\",\"breadcrumb\":{\"@id\":\"https:\/\/laundree.ca\/fr\/register\/#breadcrumb\"},\"inLanguage\":\"fr-CA\",\"potentialAction\":[{\"@type\":\"ReadAction\",\"target\":[\"https:\/\/laundree.ca\/fr\/register\/\"]}]},{\"@type\":\"BreadcrumbList\",\"@id\":\"https:\/\/laundree.ca\/fr\/register\/#breadcrumb\",\"itemListElement\":[{\"@type\":\"ListItem\",\"position\":1,\"name\":\"Home\",\"item\":\"https:\/\/laundree.ca\/fr\/\"},{\"@type\":\"ListItem\",\"position\":2,\"name\":\"Registre\"}]},{\"@type\":\"WebSite\",\"@id\":\"https:\/\/laundree.ca\/fr\/#website\",\"url\":\"https:\/\/laundree.ca\/fr\/\",\"name\":\"Laundree.ca\",\"description\":\"\",\"publisher\":{\"@id\":\"https:\/\/laundree.ca\/fr\/#organization\"},\"potentialAction\":[{\"@type\":\"SearchAction\",\"target\":{\"@type\":\"EntryPoint\",\"urlTemplate\":\"https:\/\/laundree.ca\/fr\/?s={search_term_string}\"},\"query-input\":{\"@type\":\"PropertyValueSpecification\",\"valueRequired\":true,\"valueName\":\"search_term_string\"}}],\"inLanguage\":\"fr-CA\"},{\"@type\":\"Organization\",\"@id\":\"https:\/\/laundree.ca\/fr\/#organization\",\"name\":\"Laundree.ca\",\"url\":\"https:\/\/laundree.ca\/fr\/\",\"logo\":{\"@type\":\"ImageObject\",\"inLanguage\":\"fr-CA\",\"@id\":\"https:\/\/laundree.ca\/fr\/#\/schema\/logo\/image\/\",\"url\":\"https:\/\/laundree.ca\/wp-content\/uploads\/2024\/11\/logo.svg\",\"contentUrl\":\"https:\/\/laundree.ca\/wp-content\/uploads\/2024\/11\/logo.svg\",\"width\":229,\"height\":58,\"caption\":\"Laundree.ca\"},\"image\":{\"@id\":\"https:\/\/laundree.ca\/fr\/#\/schema\/logo\/image\/\"}}]}<\/script>\n<!-- \/ Yoast SEO plugin. -->","yoast_head_json":{"title":"Registre - Laundree.ca","robots":{"index":"index","follow":"follow","max-snippet":"max-snippet:-1","max-image-preview":"max-image-preview:large","max-video-preview":"max-video-preview:-1"},"canonical":"https:\/\/laundree.ca\/fr\/register\/","og_locale":"fr_CA","og_type":"article","og_title":"Registre - Laundree.ca","og_url":"https:\/\/laundree.ca\/fr\/register\/","og_site_name":"Laundree.ca","article_modified_time":"2025-02-06T07:30:04+00:00","twitter_card":"summary_large_image","schema":{"@context":"https:\/\/schema.org","@graph":[{"@type":"WebPage","@id":"https:\/\/laundree.ca\/fr\/register\/","url":"https:\/\/laundree.ca\/fr\/register\/","name":"Registre - Laundree.ca","isPartOf":{"@id":"https:\/\/laundree.ca\/fr\/#website"},"datePublished":"2024-12-11T14:07:01+00:00","dateModified":"2025-02-06T07:30:04+00:00","breadcrumb":{"@id":"https:\/\/laundree.ca\/fr\/register\/#breadcrumb"},"inLanguage":"fr-CA","potentialAction":[{"@type":"ReadAction","target":["https:\/\/laundree.ca\/fr\/register\/"]}]},{"@type":"BreadcrumbList","@id":"https:\/\/laundree.ca\/fr\/register\/#breadcrumb","itemListElement":[{"@type":"ListItem","position":1,"name":"Home","item":"https:\/\/laundree.ca\/fr\/"},{"@type":"ListItem","position":2,"name":"Registre"}]},{"@type":"WebSite","@id":"https:\/\/laundree.ca\/fr\/#website","url":"https:\/\/laundree.ca\/fr\/","name":"Laundree.ca","description":"","publisher":{"@id":"https:\/\/laundree.ca\/fr\/#organization"},"potentialAction":[{"@type":"SearchAction","target":{"@type":"EntryPoint","urlTemplate":"https:\/\/laundree.ca\/fr\/?s={search_term_string}"},"query-input":{"@type":"PropertyValueSpecification","valueRequired":true,"valueName":"search_term_string"}}],"inLanguage":"fr-CA"},{"@type":"Organization","@id":"https:\/\/laundree.ca\/fr\/#organization","name":"Laundree.ca","url":"https:\/\/laundree.ca\/fr\/","logo":{"@type":"ImageObject","inLanguage":"fr-CA","@id":"https:\/\/laundree.ca\/fr\/#\/schema\/logo\/image\/","url":"https:\/\/laundree.ca\/wp-content\/uploads\/2024\/11\/logo.svg","contentUrl":"https:\/\/laundree.ca\/wp-content\/uploads\/2024\/11\/logo.svg","width":229,"height":58,"caption":"Laundree.ca"},"image":{"@id":"https:\/\/laundree.ca\/fr\/#\/schema\/logo\/image\/"}}]}},"jetpack_sharing_enabled":true,"_links":{"self":[{"href":"https:\/\/laundree.ca\/fr\/wp-json\/wp\/v2\/pages\/424","targetHints":{"allow":["GET"]}}],"collection":[{"href":"https:\/\/laundree.ca\/fr\/wp-json\/wp\/v2\/pages"}],"about":[{"href":"https:\/\/laundree.ca\/fr\/wp-json\/wp\/v2\/types\/page"}],"author":[{"embeddable":true,"href":"https:\/\/laundree.ca\/fr\/wp-json\/wp\/v2\/users\/1"}],"replies":[{"embeddable":true,"href":"https:\/\/laundree.ca\/fr\/wp-json\/wp\/v2\/comments?post=424"}],"version-history":[{"count":3,"href":"https:\/\/laundree.ca\/fr\/wp-json\/wp\/v2\/pages\/424\/revisions"}],"predecessor-version":[{"id":577,"href":"https:\/\/laundree.ca\/fr\/wp-json\/wp\/v2\/pages\/424\/revisions\/577"}],"wp:attachment":[{"href":"https:\/\/laundree.ca\/fr\/wp-json\/wp\/v2\/media?parent=424"}],"curies":[{"name":"wp","href":"https:\/\/api.w.org\/{rel}","templated":true}]}}